{"id":2,"date":"2022-07-27T19:19:21","date_gmt":"2022-07-27T19:19:21","guid":{"rendered":"https:\/\/visao360seguros.com.br\/?page_id=2"},"modified":"2022-12-22T19:39:40","modified_gmt":"2022-12-22T22:39:40","slug":"sample-page","status":"publish","type":"page","link":"https:\/\/visao360seguros.com.br\/index.php\/sample-page\/","title":{"rendered":"RAMOS"},"content":{"rendered":"\n<p class=\"has-large-font-size\" style=\"font-style:normal;font-weight:700\">Produtos:<\/p>\n\n\n\n<ul class=\"has-white-color has-vivid-cyan-blue-background-color has-text-color has-background\" style=\"font-style:normal;font-weight:700\"><li>AUTOM\u00d3VEL<\/li><li>RESIDENCIAL\/EMPRESARIAL\/CONDOM\u00cdNIO<\/li><li>VIDA E PREVID\u00caNCIA <\/li><li>CONV\u00caNIO M\u00c9DICO<\/li><li>CONS\u00d3RCIO E FINANCIAMENTO <\/li><\/ul>\n\n\n\n<p class=\"has-black-color has-white-background-color has-text-color has-background\" style=\"font-style:normal;font-weight:700\">Trabalhamos com outros ramos, consulte-nos!<\/p>\n\n\n\n<p style=\"font-size:38px;font-style:normal;font-weight:700\">Principais Seguradoras: <\/p>\n\n\n\n<p class=\"has-text-align-center\" style=\"font-size:34px;font-style:normal;font-weight:700\"><img loading=\"lazy\" width=\"811\" height=\"297\" class=\"wp-image-109\" style=\"width: 860px;\" src=\"https:\/\/visao360seguros.com.br\/wp-content\/uploads\/2022\/12\/Seguradoras.png\" alt=\"\" srcset=\"https:\/\/visao360seguros.com.br\/wp-content\/uploads\/2022\/12\/Seguradoras.png 811w, https:\/\/visao360seguros.com.br\/wp-content\/uploads\/2022\/12\/Seguradoras-300x110.png 300w, https:\/\/visao360seguros.com.br\/wp-content\/uploads\/2022\/12\/Seguradoras-768x281.png 768w\" sizes=\"(max-width: 811px) 100vw, 811px\" \/>    <\/p>\n\n\n\n<ul class=\"has-white-color has-vivid-cyan-blue-background-color has-text-color has-background\" style=\"font-style:normal;font-weight:700\"><li>PORTO SEGURO<\/li><li>AZUL SEGUROS <\/li><li>LIBERTY SEGUROS<\/li><li>TOKIO MARINE<\/li><li>ALLIANZ<\/li><li>SUHAI<\/li><li>AMIL<\/li><li>SUL AM\u00c9RICA<\/li><li>UNIMED<\/li><li>NOTREDAME INTERM\u00c9TICA<\/li><\/ul>\n","protected":false},"excerpt":{"rendered":"<p>Produtos: AUTOM\u00d3VEL RESIDENCIAL\/EMPRESARIAL\/CONDOM\u00cdNIO VIDA E PREVID\u00caNCIA CONV\u00caNIO M\u00c9DICO CONS\u00d3RCIO E FINANCIAMENTO Trabalhamos com outros ramos, consulte-nos! Principais Seguradoras: PORTO SEGURO AZUL SEGUROS LIBERTY SEGUROS TOKIO MARINE ALLIANZ SUHAI AMIL SUL AM\u00c9RICA UNIMED NOTREDAME INTERM\u00c9TICA<\/p>\n","protected":false},"author":1,"featured_media":0,"parent":0,"menu_order":0,"comment_status":"closed","ping_status":"open","template":"","meta":{"om_disable_all_campaigns":false,"_monsterinsights_skip_tracking":false,"_monsterinsights_sitenote_active":false,"_monsterinsights_sitenote_note":"","_monsterinsights_sitenote_category":0},"aioseo_notices":[],"_links":{"self":[{"href":"https:\/\/visao360seguros.com.br\/index.php\/wp-json\/wp\/v2\/pages\/2"}],"collection":[{"href":"https:\/\/visao360seguros.com.br\/index.php\/wp-json\/wp\/v2\/pages"}],"about":[{"href":"https:\/\/visao360seguros.com.br\/index.php\/wp-json\/wp\/v2\/types\/page"}],"author":[{"embeddable":true,"href":"https:\/\/visao360seguros.com.br\/index.php\/wp-json\/wp\/v2\/users\/1"}],"replies":[{"embeddable":true,"href":"https:\/\/visao360seguros.com.br\/index.php\/wp-json\/wp\/v2\/comments?post=2"}],"version-history":[{"count":5,"href":"https:\/\/visao360seguros.com.br\/index.php\/wp-json\/wp\/v2\/pages\/2\/revisions"}],"predecessor-version":[{"id":112,"href":"https:\/\/visao360seguros.com.br\/index.php\/wp-json\/wp\/v2\/pages\/2\/revisions\/112"}],"wp:attachment":[{"href":"https:\/\/visao360seguros.com.br\/index.php\/wp-json\/wp\/v2\/media?parent=2"}],"curies":[{"name":"wp","href":"https:\/\/api.w.org\/{rel}","templated":true}]}}