{"id":15,"date":"2022-07-27T16:25:25","date_gmt":"2022-07-27T19:25:25","guid":{"rendered":"https:\/\/visao360seguros.com.br\/?page_id=15"},"modified":"2022-12-22T20:16:39","modified_gmt":"2022-12-22T23:16:39","slug":"contato","status":"publish","type":"page","link":"https:\/\/visao360seguros.com.br\/index.php\/contato\/","title":{"rendered":"Contato"},"content":{"rendered":"\n<p class=\"has-white-color has-vivid-cyan-blue-background-color has-text-color has-background has-medium-font-size\"><strong>FALE CONOSCO:<\/strong><\/p>\n\n\n\n<p class=\"has-white-color has-vivid-cyan-blue-background-color has-text-color has-background\"><strong>Whatsapp:<\/strong> <a href=\"Whatsapp: (11) 95579-6342\" title=\"https:\/\/wa.me\/message\/AY32MN65BGFQK1\">(11) 95579-6342<\/a><\/p>\n\n\n\n<p class=\"has-white-color has-vivid-cyan-blue-background-color has-text-color has-background\"><strong>E-mail:<\/strong> carlos@visao360seguros.com.br<\/p>\n\n\n\n<p class=\"has-white-color has-vivid-cyan-blue-background-color has-text-color has-background\"><strong>Hor\u00e1rios de Atendimento:<\/strong> 09:00h \u00e0s 17:00h (segunda \u00e0 sexta)<\/p>\n\n\n\n<p><\/p>\n","protected":false},"excerpt":{"rendered":"<p>FALE CONOSCO: Whatsapp: (11) 95579-6342 E-mail: carlos@visao360seguros.com.br Hor\u00e1rios de Atendimento: 09:00h \u00e0s 17:00h (segunda \u00e0 sexta)<\/p>\n","protected":false},"author":1,"featured_media":0,"parent":0,"menu_order":0,"comment_status":"closed","ping_status":"closed","template":"","meta":{"om_disable_all_campaigns":false,"_monsterinsights_skip_tracking":false,"_monsterinsights_sitenote_active":false,"_monsterinsights_sitenote_note":"","_monsterinsights_sitenote_category":0},"aioseo_notices":[],"_links":{"self":[{"href":"https:\/\/visao360seguros.com.br\/index.php\/wp-json\/wp\/v2\/pages\/15"}],"collection":[{"href":"https:\/\/visao360seguros.com.br\/index.php\/wp-json\/wp\/v2\/pages"}],"about":[{"href":"https:\/\/visao360seguros.com.br\/index.php\/wp-json\/wp\/v2\/types\/page"}],"author":[{"embeddable":true,"href":"https:\/\/visao360seguros.com.br\/index.php\/wp-json\/wp\/v2\/users\/1"}],"replies":[{"embeddable":true,"href":"https:\/\/visao360seguros.com.br\/index.php\/wp-json\/wp\/v2\/comments?post=15"}],"version-history":[{"count":4,"href":"https:\/\/visao360seguros.com.br\/index.php\/wp-json\/wp\/v2\/pages\/15\/revisions"}],"predecessor-version":[{"id":124,"href":"https:\/\/visao360seguros.com.br\/index.php\/wp-json\/wp\/v2\/pages\/15\/revisions\/124"}],"wp:attachment":[{"href":"https:\/\/visao360seguros.com.br\/index.php\/wp-json\/wp\/v2\/media?parent=15"}],"curies":[{"name":"wp","href":"https:\/\/api.w.org\/{rel}","templated":true}]}}