{"id":14,"date":"2022-07-27T16:25:25","date_gmt":"2022-07-27T19:25:25","guid":{"rendered":"https:\/\/visao360seguros.com.br\/?page_id=14"},"modified":"2022-12-22T20:28:15","modified_gmt":"2022-12-22T23:28:15","slug":"sobre","status":"publish","type":"page","link":"https:\/\/visao360seguros.com.br\/index.php\/sobre\/","title":{"rendered":"Sobre"},"content":{"rendered":"\n<p class=\"has-white-color has-vivid-cyan-blue-background-color has-text-color has-background has-medium-font-size\" style=\"font-style:normal;font-weight:600\">Constitu\u00edda em 2020, a Vis\u00e3o 360 tem o compromisso em oferecer aos seus clientes diversas op\u00e7\u00f5es de prote\u00e7\u00e3o tanto ao Patrim\u00f4nio, quanto \u00e0 Fam\u00edlia e as finan\u00e7as. <\/p>\n\n\n<div class=\"wp-block-image\">\n<figure class=\"aligncenter size-full is-resized\"><img loading=\"lazy\" src=\"https:\/\/visao360seguros.com.br\/wp-content\/uploads\/2022\/12\/56f5ea10-622b-438c-89b1-b977e7d4f5cf.jpeg\" alt=\"\" class=\"wp-image-129\" width=\"276\" height=\"276\" srcset=\"https:\/\/visao360seguros.com.br\/wp-content\/uploads\/2022\/12\/56f5ea10-622b-438c-89b1-b977e7d4f5cf.jpeg 720w, https:\/\/visao360seguros.com.br\/wp-content\/uploads\/2022\/12\/56f5ea10-622b-438c-89b1-b977e7d4f5cf-300x300.jpeg 300w, https:\/\/visao360seguros.com.br\/wp-content\/uploads\/2022\/12\/56f5ea10-622b-438c-89b1-b977e7d4f5cf-150x150.jpeg 150w\" sizes=\"(max-width: 276px) 100vw, 276px\" \/><\/figure><\/div>\n\n\n<p class=\"has-white-color has-vivid-cyan-blue-background-color has-text-color has-background has-medium-font-size\" style=\"font-style:normal;font-weight:600\">Eu, Carlos Eduardo Borges, respons\u00e1vel pela Vis\u00e3o 360, atuo no mercado segurador h\u00e1 mais de 20 anos, possuindo expertise necess\u00e1ria para apresentar a melhor solu\u00e7\u00e3o!<\/p>\n","protected":false},"excerpt":{"rendered":"<p>Constitu\u00edda em 2020, a Vis\u00e3o 360 tem o compromisso em oferecer aos seus clientes diversas op\u00e7\u00f5es de prote\u00e7\u00e3o tanto ao Patrim\u00f4nio, quanto \u00e0 Fam\u00edlia e as finan\u00e7as. Eu, Carlos Eduardo Borges, respons\u00e1vel pela Vis\u00e3o 360, atuo no mercado segurador h\u00e1 mais de 20 anos, possuindo expertise necess\u00e1ria para apresentar a melhor solu\u00e7\u00e3o!<\/p>\n","protected":false},"author":1,"featured_media":0,"parent":0,"menu_order":0,"comment_status":"closed","ping_status":"closed","template":"","meta":{"om_disable_all_campaigns":false,"_monsterinsights_skip_tracking":false,"_monsterinsights_sitenote_active":false,"_monsterinsights_sitenote_note":"","_monsterinsights_sitenote_category":0},"aioseo_notices":[],"_links":{"self":[{"href":"https:\/\/visao360seguros.com.br\/index.php\/wp-json\/wp\/v2\/pages\/14"}],"collection":[{"href":"https:\/\/visao360seguros.com.br\/index.php\/wp-json\/wp\/v2\/pages"}],"about":[{"href":"https:\/\/visao360seguros.com.br\/index.php\/wp-json\/wp\/v2\/types\/page"}],"author":[{"embeddable":true,"href":"https:\/\/visao360seguros.com.br\/index.php\/wp-json\/wp\/v2\/users\/1"}],"replies":[{"embeddable":true,"href":"https:\/\/visao360seguros.com.br\/index.php\/wp-json\/wp\/v2\/comments?post=14"}],"version-history":[{"count":4,"href":"https:\/\/visao360seguros.com.br\/index.php\/wp-json\/wp\/v2\/pages\/14\/revisions"}],"predecessor-version":[{"id":130,"href":"https:\/\/visao360seguros.com.br\/index.php\/wp-json\/wp\/v2\/pages\/14\/revisions\/130"}],"wp:attachment":[{"href":"https:\/\/visao360seguros.com.br\/index.php\/wp-json\/wp\/v2\/media?parent=14"}],"curies":[{"name":"wp","href":"https:\/\/api.w.org\/{rel}","templated":true}]}}